{"id":16,"date":"2025-01-14T08:41:12","date_gmt":"2025-01-14T08:41:12","guid":{"rendered":"https:\/\/isabelgarcianutri.com\/?page_id=16"},"modified":"2025-01-29T15:36:47","modified_gmt":"2025-01-29T15:36:47","slug":"politica-de-privacidad","status":"publish","type":"page","link":"https:\/\/isabelgarcianutri.com\/?page_id=16","title":{"rendered":"Pol\u00edtica de Privacidad"},"content":{"rendered":"\t\t<div data-elementor-type=\"wp-page\" data-elementor-id=\"16\" class=\"elementor elementor-16\" data-elementor-post-type=\"page\">\n\t\t\t\t<div class=\"elementor-element elementor-element-c0e5ea4 e-flex e-con-boxed e-con e-parent\" data-id=\"c0e5ea4\" data-element_type=\"container\" data-e-type=\"container\">\n\t\t\t\t\t<div class=\"e-con-inner\">\n\t\t\t\t<div class=\"elementor-element elementor-element-a3f2615 elementor-widget elementor-widget-heading\" data-id=\"a3f2615\" data-element_type=\"widget\" data-e-type=\"widget\" data-widget_type=\"heading.default\">\n\t\t\t\t<div class=\"elementor-widget-container\">\n\t\t\t\t\t<h1 class=\"elementor-heading-title elementor-size-default\">Pol\u00edtica de Privacidad<\/h1>\t\t\t\t<\/div>\n\t\t\t\t<\/div>\n\t\t\t\t\t<\/div>\n\t\t\t\t<\/div>\n\t\t<div class=\"elementor-element elementor-element-9a9211e e-flex e-con-boxed e-con e-parent\" data-id=\"9a9211e\" data-element_type=\"container\" data-e-type=\"container\">\n\t\t\t\t\t<div class=\"e-con-inner\">\n\t\t\t\t<div class=\"elementor-element elementor-element-afe477b elementor-widget elementor-widget-n-accordion\" data-id=\"afe477b\" data-element_type=\"widget\" data-e-type=\"widget\" data-settings=\"{&quot;default_state&quot;:&quot;expanded&quot;,&quot;max_items_expended&quot;:&quot;one&quot;,&quot;n_accordion_animation_duration&quot;:{&quot;unit&quot;:&quot;ms&quot;,&quot;size&quot;:400,&quot;sizes&quot;:[]}}\" data-widget_type=\"nested-accordion.default\">\n\t\t\t\t<div class=\"elementor-widget-container\">\n\t\t\t\t\t\t\t<div class=\"e-n-accordion\" aria-label=\"Accordion. Open links with Enter or Space, close with Escape, and navigate with Arrow Keys\">\n\t\t\t\t\t\t<details id=\"e-n-accordion-item-1840\" class=\"e-n-accordion-item\" open>\n\t\t\t\t<summary class=\"e-n-accordion-item-title\" data-accordion-index=\"1\" tabindex=\"0\" aria-expanded=\"true\" aria-controls=\"e-n-accordion-item-1840\" >\n\t\t\t\t\t<span class='e-n-accordion-item-title-header'><div class=\"e-n-accordion-item-title-text\"> POL\u00cdTICA DE PRIVACIDAD DE LA ENTIDAD <\/div><\/span>\n\t\t\t\t\t\t\t<span class='e-n-accordion-item-title-icon'>\n\t\t\t<span class='e-opened' ><svg aria-hidden=\"true\" class=\"e-font-icon-svg e-fas-minus\" viewBox=\"0 0 448 512\" xmlns=\"http:\/\/www.w3.org\/2000\/svg\"><path d=\"M416 208H32c-17.67 0-32 14.33-32 32v32c0 17.67 14.33 32 32 32h384c17.67 0 32-14.33 32-32v-32c0-17.67-14.33-32-32-32z\"><\/path><\/svg><\/span>\n\t\t\t<span class='e-closed'><svg aria-hidden=\"true\" class=\"e-font-icon-svg e-fas-plus\" viewBox=\"0 0 448 512\" xmlns=\"http:\/\/www.w3.org\/2000\/svg\"><path d=\"M416 208H272V64c0-17.67-14.33-32-32-32h-32c-17.67 0-32 14.33-32 32v144H32c-17.67 0-32 14.33-32 32v32c0 17.67 14.33 32 32 32h144v144c0 17.67 14.33 32 32 32h32c17.67 0 32-14.33 32-32V304h144c17.67 0 32-14.33 32-32v-32c0-17.67-14.33-32-32-32z\"><\/path><\/svg><\/span>\n\t\t<\/span>\n\n\t\t\t\t\t\t<\/summary>\n\t\t\t\t<div role=\"region\" aria-labelledby=\"e-n-accordion-item-1840\" class=\"elementor-element elementor-element-7401536 e-con-full e-flex e-con e-child\" data-id=\"7401536\" data-element_type=\"container\" data-e-type=\"container\">\n\t\t\t\t<div class=\"elementor-element elementor-element-a081d7a elementor-widget elementor-widget-text-editor\" data-id=\"a081d7a\" data-element_type=\"widget\" data-e-type=\"widget\" data-widget_type=\"text-editor.default\">\n\t\t\t\t<div class=\"elementor-widget-container\">\n\t\t\t\t\t\t\t\t\t<p>Isabel Garcia Valiente con DNI 73134533F es titular del sitio web www.isabelgarcianutri.com y responsable del tratamiento de los datos de cara\u0301cter personal que los usuarios suministran a trave\u0301s de este sitio web.<\/p><p>Isabel Garcia Valiente informa a los usuarios de este sitio web sobre su poli\u0301tica respecto del tratamiento y proteccio\u0301n de los datos de cara\u0301cter personal de los usuarios y clientes que puedan ser recabados por la navegacio\u0301n y uso de este sitio web.<\/p><p>Antes de proporcionar cualquier dato personal a trav\u00e9s de los formularios o campos habilitados en nuestra p\u00e1gina web, le recomendamos leer detenidamente la siguiente informaci\u00f3n. Esto nos permitir\u00e1 garantizar el cumplimiento de los principios que rigen nuestra entidad en materia de protecci\u00f3n de datos.<\/p><p>Si tiene dudas sobre alg\u00fan t\u00e9rmino o concepto, estamos a su disposici\u00f3n para aclararlas.<\/p><p>En nuestra organizaci\u00f3n valoramos y respetamos el derecho fundamental a la privacidad. Nos comprometemos a proteger de manera proactiva los datos personales, entendiendo que pertenecen exclusivamente a cada individuo. Al compartirlos con nosotros, nos otorga su confianza, y nuestra responsabilidad es gestionarlos de manera legal, justa, transparente y, sobre todo, confidencial. Asimismo, implementamos todas las medidas de seguridad necesarias para evitar su p\u00e9rdida, acceso no autorizado o sustracci\u00f3n.<\/p><p>Garantizamos un tratamiento de datos equitativo, sin ning\u00fan tipo de discriminaci\u00f3n por motivos de raza, g\u00e9nero, idioma, religi\u00f3n, opiniones pol\u00edticas, origen nacional o social, condici\u00f3n econ\u00f3mica, nacimiento o cualquier otra circunstancia. Del mismo modo, no realizamos distinciones basadas en la condici\u00f3n jur\u00eddica o en el pa\u00eds o territorio de procedencia.<\/p><p>Nuestra prioridad es ofrecerle acceso y control total sobre sus datos personales en todo momento, facilitando el ejercicio de sus derechos de manera sencilla y transparente.<\/p><div class=\"page\" title=\"Page 2\"><div class=\"layoutArea\"><div class=\"column\"><p>\u00a0<\/p><\/div><\/div><\/div>\t\t\t\t\t\t\t\t<\/div>\n\t\t\t\t<\/div>\n\t\t\t\t<\/div>\n\t\t\t\t\t<\/details>\n\t\t\t\t\t\t<details id=\"e-n-accordion-item-1841\" class=\"e-n-accordion-item\" >\n\t\t\t\t<summary class=\"e-n-accordion-item-title\" data-accordion-index=\"2\" tabindex=\"-1\" aria-expanded=\"false\" aria-controls=\"e-n-accordion-item-1841\" >\n\t\t\t\t\t<span class='e-n-accordion-item-title-header'><div class=\"e-n-accordion-item-title-text\"> DATOS RECABADOS, FINALIDAD Y LICITUD <\/div><\/span>\n\t\t\t\t\t\t\t<span class='e-n-accordion-item-title-icon'>\n\t\t\t<span class='e-opened' ><svg aria-hidden=\"true\" class=\"e-font-icon-svg e-fas-minus\" viewBox=\"0 0 448 512\" xmlns=\"http:\/\/www.w3.org\/2000\/svg\"><path d=\"M416 208H32c-17.67 0-32 14.33-32 32v32c0 17.67 14.33 32 32 32h384c17.67 0 32-14.33 32-32v-32c0-17.67-14.33-32-32-32z\"><\/path><\/svg><\/span>\n\t\t\t<span class='e-closed'><svg aria-hidden=\"true\" class=\"e-font-icon-svg e-fas-plus\" viewBox=\"0 0 448 512\" xmlns=\"http:\/\/www.w3.org\/2000\/svg\"><path d=\"M416 208H272V64c0-17.67-14.33-32-32-32h-32c-17.67 0-32 14.33-32 32v144H32c-17.67 0-32 14.33-32 32v32c0 17.67 14.33 32 32 32h144v144c0 17.67 14.33 32 32 32h32c17.67 0 32-14.33 32-32V304h144c17.67 0 32-14.33 32-32v-32c0-17.67-14.33-32-32-32z\"><\/path><\/svg><\/span>\n\t\t<\/span>\n\n\t\t\t\t\t\t<\/summary>\n\t\t\t\t<div role=\"region\" aria-labelledby=\"e-n-accordion-item-1841\" class=\"elementor-element elementor-element-e21f35d e-con-full e-flex e-con e-child\" data-id=\"e21f35d\" data-element_type=\"container\" data-e-type=\"container\">\n\t\t\t\t<div class=\"elementor-element elementor-element-d4a959b elementor-widget elementor-widget-text-editor\" data-id=\"d4a959b\" data-element_type=\"widget\" data-e-type=\"widget\" data-widget_type=\"text-editor.default\">\n\t\t\t\t<div class=\"elementor-widget-container\">\n\t\t\t\t\t\t\t\t\t<p>Los datos personales que tratamos son aquellos que los usuarios proporcionan a trav\u00e9s de los formularios disponibles en este sitio web. Se recopilan \u00fanicamente los datos esenciales para enviar informaci\u00f3n sobre nuestros productos o servicios, emitir facturas, atender reclamaciones y llevar a cabo cualquier otra gesti\u00f3n relacionada con la prestaci\u00f3n del servicio ofrecido en esta plataforma.<\/p><p>El tratamiento de estos datos se fundamenta en los principios legales establecidos por la normativa vigente, incluyendo la ejecuci\u00f3n de un contrato o la prestaci\u00f3n de un servicio, el cumplimiento de obligaciones legales, el inter\u00e9s leg\u00edtimo de la organizaci\u00f3n y el consentimiento otorgado por los usuarios.<\/p><div class=\"page\" title=\"Page 2\"><div class=\"layoutArea\"><div class=\"column\"><p><strong>Datos recabados para la solicitud de informacio\u0301n a trave\u0301s del formulario web<\/strong><\/p><p>Los datos personales recopilados a trav\u00e9s del formulario web para solicitudes de informaci\u00f3n tienen como prop\u00f3sito el env\u00edo de contenido comercial relacionado con nuestros servicios.<\/p><p>En este caso, el tratamiento de los datos se basa en el consentimiento expl\u00edcito que usted nos otorga al aceptar el env\u00edo de la informaci\u00f3n proporcionada mediante el formulario.<\/p><p><strong>Operaciones realizadas con los datos personales<\/strong><\/p><p>Los datos personales recogidos a trav\u00e9s de la web se registran y almacenan en soportes electr\u00f3nicos gestionados y supervisados por el responsable del tratamiento. Estos sistemas cuentan con las medidas t\u00e9cnicas y organizativas necesarias para garantizar la confidencialidad y seguridad en el tratamiento de los datos.<\/p><p>El personal autorizado para llevar a cabo operaciones como el acceso, modificaci\u00f3n o eliminaci\u00f3n de los datos dispone de la formaci\u00f3n adecuada y act\u00faa conforme a nuestra pol\u00edtica de protecci\u00f3n de datos, asegurando el cumplimiento de la normativa vigente.<\/p><\/div><\/div><\/div>\t\t\t\t\t\t\t\t<\/div>\n\t\t\t\t<\/div>\n\t\t\t\t<\/div>\n\t\t\t\t\t<\/details>\n\t\t\t\t\t\t<details id=\"e-n-accordion-item-1842\" class=\"e-n-accordion-item\" >\n\t\t\t\t<summary class=\"e-n-accordion-item-title\" data-accordion-index=\"3\" tabindex=\"-1\" aria-expanded=\"false\" aria-controls=\"e-n-accordion-item-1842\" >\n\t\t\t\t\t<span class='e-n-accordion-item-title-header'><div class=\"e-n-accordion-item-title-text\"> DESTINATARIOS DE SUS DATOS PERSONALES <\/div><\/span>\n\t\t\t\t\t\t\t<span class='e-n-accordion-item-title-icon'>\n\t\t\t<span class='e-opened' ><svg aria-hidden=\"true\" class=\"e-font-icon-svg e-fas-minus\" viewBox=\"0 0 448 512\" xmlns=\"http:\/\/www.w3.org\/2000\/svg\"><path d=\"M416 208H32c-17.67 0-32 14.33-32 32v32c0 17.67 14.33 32 32 32h384c17.67 0 32-14.33 32-32v-32c0-17.67-14.33-32-32-32z\"><\/path><\/svg><\/span>\n\t\t\t<span class='e-closed'><svg aria-hidden=\"true\" class=\"e-font-icon-svg e-fas-plus\" viewBox=\"0 0 448 512\" xmlns=\"http:\/\/www.w3.org\/2000\/svg\"><path d=\"M416 208H272V64c0-17.67-14.33-32-32-32h-32c-17.67 0-32 14.33-32 32v144H32c-17.67 0-32 14.33-32 32v32c0 17.67 14.33 32 32 32h144v144c0 17.67 14.33 32 32 32h32c17.67 0 32-14.33 32-32V304h144c17.67 0 32-14.33 32-32v-32c0-17.67-14.33-32-32-32z\"><\/path><\/svg><\/span>\n\t\t<\/span>\n\n\t\t\t\t\t\t<\/summary>\n\t\t\t\t<div role=\"region\" aria-labelledby=\"e-n-accordion-item-1842\" class=\"elementor-element elementor-element-a40c9bc e-flex e-con-boxed e-con e-child\" data-id=\"a40c9bc\" data-element_type=\"container\" data-e-type=\"container\">\n\t\t\t\t\t<div class=\"e-con-inner\">\n\t\t\t\t<div class=\"elementor-element elementor-element-cfafe99 elementor-widget elementor-widget-text-editor\" data-id=\"cfafe99\" data-element_type=\"widget\" data-e-type=\"widget\" data-widget_type=\"text-editor.default\">\n\t\t\t\t<div class=\"elementor-widget-container\">\n\t\t\t\t\t\t\t\t\t<p>Informamos a los usuarios de que sus datos personales no ser\u00e1n compartidos con terceros, salvo en los casos en que exista una obligaci\u00f3n legal que lo requiera o cuando sea imprescindible para la correcta prestaci\u00f3n del servicio o la ejecuci\u00f3n del contrato. En tales situaciones, los datos podr\u00edan ser comunicados a otros responsables, como empresas del mismo grupo o encargados del tratamiento.<\/p><p>Si la cesi\u00f3n de datos a terceros no est\u00e1 respaldada por las bases legales mencionadas anteriormente, solo se llevar\u00e1 a cabo si el usuario ha otorgado su consentimiento expreso.<\/p><p><b>Isabel Garc\u00eda Valiente <\/b>aplica criterios rigurosos en la selecci\u00f3n de los encargados del tratamiento y establece compromisos contractuales con cada uno de ellos para garantizar el cumplimiento de la normativa de protecci\u00f3n de datos.<\/p>\t\t\t\t\t\t\t\t<\/div>\n\t\t\t\t<\/div>\n\t\t\t\t\t<\/div>\n\t\t\t\t<\/div>\n\t\t\t\t\t<\/details>\n\t\t\t\t\t\t<details id=\"e-n-accordion-item-1843\" class=\"e-n-accordion-item\" >\n\t\t\t\t<summary class=\"e-n-accordion-item-title\" data-accordion-index=\"4\" tabindex=\"-1\" aria-expanded=\"false\" aria-controls=\"e-n-accordion-item-1843\" >\n\t\t\t\t\t<span class='e-n-accordion-item-title-header'><div class=\"e-n-accordion-item-title-text\"> EJERCICIO DE LOS DERECHOS  <\/div><\/span>\n\t\t\t\t\t\t\t<span class='e-n-accordion-item-title-icon'>\n\t\t\t<span class='e-opened' ><svg aria-hidden=\"true\" class=\"e-font-icon-svg e-fas-minus\" viewBox=\"0 0 448 512\" xmlns=\"http:\/\/www.w3.org\/2000\/svg\"><path d=\"M416 208H32c-17.67 0-32 14.33-32 32v32c0 17.67 14.33 32 32 32h384c17.67 0 32-14.33 32-32v-32c0-17.67-14.33-32-32-32z\"><\/path><\/svg><\/span>\n\t\t\t<span class='e-closed'><svg aria-hidden=\"true\" class=\"e-font-icon-svg e-fas-plus\" viewBox=\"0 0 448 512\" xmlns=\"http:\/\/www.w3.org\/2000\/svg\"><path d=\"M416 208H272V64c0-17.67-14.33-32-32-32h-32c-17.67 0-32 14.33-32 32v144H32c-17.67 0-32 14.33-32 32v32c0 17.67 14.33 32 32 32h144v144c0 17.67 14.33 32 32 32h32c17.67 0 32-14.33 32-32V304h144c17.67 0 32-14.33 32-32v-32c0-17.67-14.33-32-32-32z\"><\/path><\/svg><\/span>\n\t\t<\/span>\n\n\t\t\t\t\t\t<\/summary>\n\t\t\t\t<div role=\"region\" aria-labelledby=\"e-n-accordion-item-1843\" class=\"elementor-element elementor-element-bb72ae5 e-flex e-con-boxed e-con e-child\" data-id=\"bb72ae5\" data-element_type=\"container\" data-e-type=\"container\">\n\t\t\t\t\t<div class=\"e-con-inner\">\n\t\t\t\t<div class=\"elementor-element elementor-element-cfdb7e3 elementor-widget elementor-widget-text-editor\" data-id=\"cfdb7e3\" data-element_type=\"widget\" data-e-type=\"widget\" data-widget_type=\"text-editor.default\">\n\t\t\t\t<div class=\"elementor-widget-container\">\n\t\t\t\t\t\t\t\t\t<p>De acuerdo con los derechos reconocidos por la normativa vigente en materia de protecci\u00f3n de datos personales, el usuario puede ejercer su derecho de acceso, rectificaci\u00f3n, limitaci\u00f3n del tratamiento, supresi\u00f3n, portabilidad y oposici\u00f3n al tratamiento de sus datos. Para ello, deber\u00e1 enviar su solicitud a la direcci\u00f3n postal indicada o al correo electr\u00f3nico <b>contacto@isabelgarcianutri.com<\/b><\/p><p>ara cualquier reclamaci\u00f3n, el usuario puede ponerse en contacto a trav\u00e9s del correo electr\u00f3nico \u00a0Asimismo, tambi\u00e9n tiene la opci\u00f3n de presentar su reclamaci\u00f3n ante la <strong>Agencia Espa\u00f1ola de Protecci\u00f3n de Datos<\/strong> a trav\u00e9s de su p\u00e1gina web: <a href=\"https:\/\/www.aepd.es\/\" target=\"_new\" rel=\"noopener\">www.aepd.es<\/a>.<\/p>\t\t\t\t\t\t\t\t<\/div>\n\t\t\t\t<\/div>\n\t\t\t\t\t<\/div>\n\t\t\t\t<\/div>\n\t\t\t\t\t<\/details>\n\t\t\t\t\t<\/div>\n\t\t\t\t\t\t<\/div>\n\t\t\t\t<\/div>\n\t\t\t\t\t<\/div>\n\t\t\t\t<\/div>\n\t\t\t\t<\/div>\n\t\t","protected":false},"excerpt":{"rendered":"<p>Pol\u00edtica de Privacidad POL\u00cdTICA DE PRIVACIDAD DE LA ENTIDAD Isabel Garcia Valiente con DNI 73134533F es titular del sitio web [&hellip;]<\/p>\n","protected":false},"author":1,"featured_media":0,"parent":0,"menu_order":0,"comment_status":"closed","ping_status":"closed","template":"","meta":{"_monsterinsights_skip_tracking":false,"_monsterinsights_sitenote_active":false,"_monsterinsights_sitenote_note":"","_monsterinsights_sitenote_category":0,"site-sidebar-layout":"default","site-content-layout":"","ast-site-content-layout":"","site-content-style":"default","site-sidebar-style":"default","ast-global-header-display":"","ast-banner-title-visibility":"","ast-main-header-display":"","ast-hfb-above-header-display":"","ast-hfb-below-header-display":"","ast-hfb-mobile-header-display":"","site-post-title":"","ast-breadcrumbs-content":"","ast-featured-img":"","footer-sml-layout":"","theme-transparent-header-meta":"","adv-header-id-meta":"","stick-header-meta":"","header-above-stick-meta":"","header-main-stick-meta":"","header-below-stick-meta":"","astra-migrate-meta-layouts":"default","ast-page-background-enabled":"default","ast-page-background-meta":{"desktop":{"background-color":"var(--ast-global-color-5)","background-image":"","background-repeat":"repeat","background-position":"center center","background-size":"auto","background-attachment":"scroll","background-type":"","background-media":"","overlay-type":"","overlay-color":"","overlay-opacity":"","overlay-gradient":""},"tablet":{"background-color":"","background-image":"","background-repeat":"repeat","background-position":"center center","background-size":"auto","background-attachment":"scroll","background-type":"","background-media":"","overlay-type":"","overlay-color":"","overlay-opacity":"","overlay-gradient":""},"mobile":{"background-color":"","background-image":"","background-repeat":"repeat","background-position":"center center","background-size":"auto","background-attachment":"scroll","background-type":"","background-media":"","overlay-type":"","overlay-color":"","overlay-opacity":"","overlay-gradient":""}},"ast-content-background-meta":{"desktop":{"background-color":"var(--ast-global-color-4)","background-image":"","background-repeat":"repeat","background-position":"center center","background-size":"auto","background-attachment":"scroll","background-type":"","background-media":"","overlay-type":"","overlay-color":"","overlay-opacity":"","overlay-gradient":""},"tablet":{"background-color":"var(--ast-global-color-4)","background-image":"","background-repeat":"repeat","background-position":"center center","background-size":"auto","background-attachment":"scroll","background-type":"","background-media":"","overlay-type":"","overlay-color":"","overlay-opacity":"","overlay-gradient":""},"mobile":{"background-color":"var(--ast-global-color-4)","background-image":"","background-repeat":"repeat","background-position":"center center","background-size":"auto","background-attachment":"scroll","background-type":"","background-media":"","overlay-type":"","overlay-color":"","overlay-opacity":"","overlay-gradient":""}},"footnotes":""},"class_list":["post-16","page","type-page","status-publish","hentry"],"yoast_head":"<!-- This site is optimized with the Yoast SEO plugin v26.0 - https:\/\/yoast.com\/wordpress\/plugins\/seo\/ -->\n<title>Pol\u00edtica de Privacidad - Isabel Garc\u00eda nutrici\u00f3n<\/title>\n<meta name=\"robots\" content=\"index, follow, max-snippet:-1, max-image-preview:large, max-video-preview:-1\" \/>\n<link rel=\"canonical\" href=\"https:\/\/isabelgarcianutri.com\/?page_id=16\" \/>\n<meta property=\"og:locale\" content=\"es_ES\" \/>\n<meta property=\"og:type\" content=\"article\" \/>\n<meta property=\"og:title\" content=\"Pol\u00edtica de Privacidad - Isabel Garc\u00eda nutrici\u00f3n\" \/>\n<meta property=\"og:description\" content=\"Pol\u00edtica de Privacidad POL\u00cdTICA DE PRIVACIDAD DE LA ENTIDAD Isabel Garcia Valiente con DNI 73134533F es titular del sitio web [&hellip;]\" \/>\n<meta property=\"og:url\" content=\"https:\/\/isabelgarcianutri.com\/?page_id=16\" \/>\n<meta property=\"og:site_name\" content=\"Isabel Garc\u00eda nutrici\u00f3n\" \/>\n<meta property=\"article:modified_time\" content=\"2025-01-29T15:36:47+00:00\" \/>\n<meta name=\"twitter:card\" content=\"summary_large_image\" \/>\n<meta name=\"twitter:label1\" content=\"Tiempo de lectura\" \/>\n\t<meta name=\"twitter:data1\" content=\"8 minutos\" \/>\n<script type=\"application\/ld+json\" class=\"yoast-schema-graph\">{\"@context\":\"https:\/\/schema.org\",\"@graph\":[{\"@type\":\"WebPage\",\"@id\":\"https:\/\/isabelgarcianutri.com\/?page_id=16\",\"url\":\"https:\/\/isabelgarcianutri.com\/?page_id=16\",\"name\":\"Pol\u00edtica de Privacidad - Isabel Garc\u00eda nutrici\u00f3n\",\"isPartOf\":{\"@id\":\"https:\/\/isabelgarcianutri.com\/#website\"},\"datePublished\":\"2025-01-14T08:41:12+00:00\",\"dateModified\":\"2025-01-29T15:36:47+00:00\",\"breadcrumb\":{\"@id\":\"https:\/\/isabelgarcianutri.com\/?page_id=16#breadcrumb\"},\"inLanguage\":\"es\",\"potentialAction\":[{\"@type\":\"ReadAction\",\"target\":[\"https:\/\/isabelgarcianutri.com\/?page_id=16\"]}]},{\"@type\":\"BreadcrumbList\",\"@id\":\"https:\/\/isabelgarcianutri.com\/?page_id=16#breadcrumb\",\"itemListElement\":[{\"@type\":\"ListItem\",\"position\":1,\"name\":\"Portada\",\"item\":\"https:\/\/isabelgarcianutri.com\/\"},{\"@type\":\"ListItem\",\"position\":2,\"name\":\"Pol\u00edtica de Privacidad\"}]},{\"@type\":\"WebSite\",\"@id\":\"https:\/\/isabelgarcianutri.com\/#website\",\"url\":\"https:\/\/isabelgarcianutri.com\/\",\"name\":\"Isabel Garc\u00eda nutrici\u00f3n\",\"description\":\"Dietista-Nutricionista\",\"publisher\":{\"@id\":\"https:\/\/isabelgarcianutri.com\/#organization\"},\"potentialAction\":[{\"@type\":\"SearchAction\",\"target\":{\"@type\":\"EntryPoint\",\"urlTemplate\":\"https:\/\/isabelgarcianutri.com\/?s={search_term_string}\"},\"query-input\":{\"@type\":\"PropertyValueSpecification\",\"valueRequired\":true,\"valueName\":\"search_term_string\"}}],\"inLanguage\":\"es\"},{\"@type\":\"Organization\",\"@id\":\"https:\/\/isabelgarcianutri.com\/#organization\",\"name\":\"Isabel Garc\u00eda nutrici\u00f3n\",\"url\":\"https:\/\/isabelgarcianutri.com\/\",\"logo\":{\"@type\":\"ImageObject\",\"inLanguage\":\"es\",\"@id\":\"https:\/\/isabelgarcianutri.com\/#\/schema\/logo\/image\/\",\"url\":\"https:\/\/isabelgarcianutri.com\/wp-content\/uploads\/2025\/01\/cropped-logo-web-1-e1742378059121.png\",\"contentUrl\":\"https:\/\/isabelgarcianutri.com\/wp-content\/uploads\/2025\/01\/cropped-logo-web-1-e1742378059121.png\",\"width\":512,\"height\":512,\"caption\":\"Isabel Garc\u00eda nutrici\u00f3n\"},\"image\":{\"@id\":\"https:\/\/isabelgarcianutri.com\/#\/schema\/logo\/image\/\"}}]}<\/script>\n<!-- \/ Yoast SEO plugin. -->","yoast_head_json":{"title":"Pol\u00edtica de Privacidad - Isabel Garc\u00eda nutrici\u00f3n","robots":{"index":"index","follow":"follow","max-snippet":"max-snippet:-1","max-image-preview":"max-image-preview:large","max-video-preview":"max-video-preview:-1"},"canonical":"https:\/\/isabelgarcianutri.com\/?page_id=16","og_locale":"es_ES","og_type":"article","og_title":"Pol\u00edtica de Privacidad - Isabel Garc\u00eda nutrici\u00f3n","og_description":"Pol\u00edtica de Privacidad POL\u00cdTICA DE PRIVACIDAD DE LA ENTIDAD Isabel Garcia Valiente con DNI 73134533F es titular del sitio web [&hellip;]","og_url":"https:\/\/isabelgarcianutri.com\/?page_id=16","og_site_name":"Isabel Garc\u00eda nutrici\u00f3n","article_modified_time":"2025-01-29T15:36:47+00:00","twitter_card":"summary_large_image","twitter_misc":{"Tiempo de lectura":"8 minutos"},"schema":{"@context":"https:\/\/schema.org","@graph":[{"@type":"WebPage","@id":"https:\/\/isabelgarcianutri.com\/?page_id=16","url":"https:\/\/isabelgarcianutri.com\/?page_id=16","name":"Pol\u00edtica de Privacidad - Isabel Garc\u00eda nutrici\u00f3n","isPartOf":{"@id":"https:\/\/isabelgarcianutri.com\/#website"},"datePublished":"2025-01-14T08:41:12+00:00","dateModified":"2025-01-29T15:36:47+00:00","breadcrumb":{"@id":"https:\/\/isabelgarcianutri.com\/?page_id=16#breadcrumb"},"inLanguage":"es","potentialAction":[{"@type":"ReadAction","target":["https:\/\/isabelgarcianutri.com\/?page_id=16"]}]},{"@type":"BreadcrumbList","@id":"https:\/\/isabelgarcianutri.com\/?page_id=16#breadcrumb","itemListElement":[{"@type":"ListItem","position":1,"name":"Portada","item":"https:\/\/isabelgarcianutri.com\/"},{"@type":"ListItem","position":2,"name":"Pol\u00edtica de Privacidad"}]},{"@type":"WebSite","@id":"https:\/\/isabelgarcianutri.com\/#website","url":"https:\/\/isabelgarcianutri.com\/","name":"Isabel Garc\u00eda nutrici\u00f3n","description":"Dietista-Nutricionista","publisher":{"@id":"https:\/\/isabelgarcianutri.com\/#organization"},"potentialAction":[{"@type":"SearchAction","target":{"@type":"EntryPoint","urlTemplate":"https:\/\/isabelgarcianutri.com\/?s={search_term_string}"},"query-input":{"@type":"PropertyValueSpecification","valueRequired":true,"valueName":"search_term_string"}}],"inLanguage":"es"},{"@type":"Organization","@id":"https:\/\/isabelgarcianutri.com\/#organization","name":"Isabel Garc\u00eda nutrici\u00f3n","url":"https:\/\/isabelgarcianutri.com\/","logo":{"@type":"ImageObject","inLanguage":"es","@id":"https:\/\/isabelgarcianutri.com\/#\/schema\/logo\/image\/","url":"https:\/\/isabelgarcianutri.com\/wp-content\/uploads\/2025\/01\/cropped-logo-web-1-e1742378059121.png","contentUrl":"https:\/\/isabelgarcianutri.com\/wp-content\/uploads\/2025\/01\/cropped-logo-web-1-e1742378059121.png","width":512,"height":512,"caption":"Isabel Garc\u00eda nutrici\u00f3n"},"image":{"@id":"https:\/\/isabelgarcianutri.com\/#\/schema\/logo\/image\/"}}]}},"_links":{"self":[{"href":"https:\/\/isabelgarcianutri.com\/index.php?rest_route=\/wp\/v2\/pages\/16","targetHints":{"allow":["GET"]}}],"collection":[{"href":"https:\/\/isabelgarcianutri.com\/index.php?rest_route=\/wp\/v2\/pages"}],"about":[{"href":"https:\/\/isabelgarcianutri.com\/index.php?rest_route=\/wp\/v2\/types\/page"}],"author":[{"embeddable":true,"href":"https:\/\/isabelgarcianutri.com\/index.php?rest_route=\/wp\/v2\/users\/1"}],"replies":[{"embeddable":true,"href":"https:\/\/isabelgarcianutri.com\/index.php?rest_route=%2Fwp%2Fv2%2Fcomments&post=16"}],"version-history":[{"count":4,"href":"https:\/\/isabelgarcianutri.com\/index.php?rest_route=\/wp\/v2\/pages\/16\/revisions"}],"predecessor-version":[{"id":709,"href":"https:\/\/isabelgarcianutri.com\/index.php?rest_route=\/wp\/v2\/pages\/16\/revisions\/709"}],"wp:attachment":[{"href":"https:\/\/isabelgarcianutri.com\/index.php?rest_route=%2Fwp%2Fv2%2Fmedia&parent=16"}],"curies":[{"name":"wp","href":"https:\/\/api.w.org\/{rel}","templated":true}]}}