{"id":11,"date":"2025-01-14T08:40:30","date_gmt":"2025-01-14T08:40:30","guid":{"rendered":"https:\/\/isabelgarcianutri.com\/?page_id=11"},"modified":"2025-03-12T10:33:22","modified_gmt":"2025-03-12T10:33:22","slug":"sobre-mi","status":"publish","type":"page","link":"https:\/\/isabelgarcianutri.com\/?page_id=11","title":{"rendered":"Sobre mi"},"content":{"rendered":"\t\t<div data-elementor-type=\"wp-page\" data-elementor-id=\"11\" class=\"elementor elementor-11\" data-elementor-post-type=\"page\">\n\t\t\t\t<div class=\"elementor-element elementor-element-76d98d6 e-con-full e-flex e-con e-parent\" data-id=\"76d98d6\" data-element_type=\"container\" data-e-type=\"container\" data-settings=\"{&quot;background_background&quot;:&quot;classic&quot;}\">\n\t\t<div class=\"elementor-element elementor-element-5316272 e-con-full e-flex e-con e-child\" data-id=\"5316272\" data-element_type=\"container\" data-e-type=\"container\">\n\t\t\t\t<div class=\"elementor-element elementor-element-6421920 elementor-widget elementor-widget-heading\" data-id=\"6421920\" data-element_type=\"widget\" data-e-type=\"widget\" data-widget_type=\"heading.default\">\n\t\t\t\t<div class=\"elementor-widget-container\">\n\t\t\t\t\t<h2 class=\"elementor-heading-title elementor-size-default\">Sobre mi<\/h2>\t\t\t\t<\/div>\n\t\t\t\t<\/div>\n\t\t\t\t<div class=\"elementor-element elementor-element-fda76d7 elementor-widget elementor-widget-text-editor\" data-id=\"fda76d7\" data-element_type=\"widget\" data-e-type=\"widget\" data-widget_type=\"text-editor.default\">\n\t\t\t\t<div class=\"elementor-widget-container\">\n\t\t\t\t\t\t\t\t\t<p>\u00a1Hola! Soy Isabel Garc\u00eda. En esta apartado \u00abSobre mi\u00bb, quiero contarte qui\u00e9n soy y c\u00f3mo puedo ayudarte a mejorar tu salud a trav\u00e9s de una nutrici\u00f3n personalizada.<\/p><p>Apasionada del deporte y de la nutrici\u00f3n. Me gusta ver la alimentaci\u00f3n no solo como una herramienta para cuidar nuestra salud o mejorar nuestra composici\u00f3n corporal, \u00a0sino tambi\u00e9n como un pilar fundamental para alcanzar los objetivos de cada persona y mejorar nuestra calidad de vida.<\/p><p>Hoy, combino mi formaci\u00f3n en nutrici\u00f3n humana y diet\u00e9tica con un enfoque personalizado para ayudar a cada persona a alcanzar su mejor versi\u00f3n, tanto dentro como fuera del \u00e1mbito deportivo.<\/p>\t\t\t\t\t\t\t\t<\/div>\n\t\t\t\t<\/div>\n\t\t\t\t<\/div>\n\t\t\t\t<div class=\"elementor-element elementor-element-30f5e2a elementor-widget__width-initial elementor-widget-mobile__width-initial elementor-widget elementor-widget-image\" data-id=\"30f5e2a\" data-element_type=\"widget\" data-e-type=\"widget\" data-widget_type=\"image.default\">\n\t\t\t\t<div class=\"elementor-widget-container\">\n\t\t\t\t\t\t\t\t\t\t\t\t\t\t\t<img decoding=\"async\" src=\"https:\/\/isabelgarcianutri.com\/wp-content\/uploads\/elementor\/thumbs\/Sujeto-2-r3sjy1l412qb6zsbqvurf31vcjme2dcae0wdiiw8yg.png\" title=\"Sujeto-2\" alt=\"nutricionista Isabel Garc\u00eda-Sobre mi\" loading=\"lazy\" \/>\t\t\t\t\t\t\t\t\t\t\t\t\t\t\t<\/div>\n\t\t\t\t<\/div>\n\t\t\t\t<\/div>\n\t\t<div class=\"elementor-element elementor-element-589a7ae e-con-full e-flex e-con e-parent\" data-id=\"589a7ae\" data-element_type=\"container\" data-e-type=\"container\" data-settings=\"{&quot;background_background&quot;:&quot;classic&quot;}\">\n\t\t<div class=\"elementor-element elementor-element-21174d0 e-con-full e-flex e-con e-child\" data-id=\"21174d0\" data-element_type=\"container\" data-e-type=\"container\">\n\t\t\t\t<div class=\"elementor-element elementor-element-c31d913 elementor-widget elementor-widget-heading\" data-id=\"c31d913\" data-element_type=\"widget\" data-e-type=\"widget\" data-widget_type=\"heading.default\">\n\t\t\t\t<div class=\"elementor-widget-container\">\n\t\t\t\t\t<h2 class=\"elementor-heading-title elementor-size-default\">\u00bfQu\u00e9 me llevo a estudiar Nutrici\u00f3n Humana y Diet\u00e9tica?<\/h2>\t\t\t\t<\/div>\n\t\t\t\t<\/div>\n\t\t\t\t<div class=\"elementor-element elementor-element-fa81de4 elementor-widget elementor-widget-text-editor\" data-id=\"fa81de4\" data-element_type=\"widget\" data-e-type=\"widget\" data-widget_type=\"text-editor.default\">\n\t\t\t\t<div class=\"elementor-widget-container\">\n\t\t\t\t\t\t\t\t\t<p>Desde peque\u00f1a siempre he practicado numerosos deportes, aunque nunca he tenido muy claro que es lo que quer\u00eda estudiar.<\/p><p>Fueron pasando los a\u00f1os y era el momento de decidir que quer\u00eda estudiar, \u00a0asique en un primer momento tom\u00e9 la decisi\u00f3n de estudiar la rama de ciencias de la salud, ya que me encantaban las mates, la biolog\u00eda y la qu\u00edmica.\u00a0<\/p>\t\t\t\t\t\t\t\t<\/div>\n\t\t\t\t<\/div>\n\t\t\t\t<\/div>\n\t\t<div class=\"elementor-element elementor-element-14620a1 e-con-full e-flex e-con e-child\" data-id=\"14620a1\" data-element_type=\"container\" data-e-type=\"container\">\n\t\t\t\t<div class=\"elementor-element elementor-element-756d035 elementor-widget elementor-widget-text-editor\" data-id=\"756d035\" data-element_type=\"widget\" data-e-type=\"widget\" data-widget_type=\"text-editor.default\">\n\t\t\t\t<div class=\"elementor-widget-container\">\n\t\t\t\t\t\t\t\t\t<p>A la hora de decidir la carrera que iba a realizar y bajarar las diferentes posibilidades tuve la suerte de poder empezar la primera promoci\u00f3n del doble grado de Nutrici\u00f3n Humana y Diet\u00e9tica y Ciencias de la Salud y del Deporte.\u00a0<\/p><p>Fue en ese momento cuando descubr\u00ed el mundo de la Nutrici\u00f3n y su relaci\u00f3n con la salud y la pr\u00e1ctica de Actividad F\u00edsica. Es por este motivo por el que a d\u00eda de hoy me apasiona ayudar a la gente mediante un enfoque integral y personalizado para conseguir los objetivos que te propongas.<\/p>\t\t\t\t\t\t\t\t<\/div>\n\t\t\t\t<\/div>\n\t\t\t\t<\/div>\n\t\t\t\t<\/div>\n\t\t<div class=\"elementor-element elementor-element-2964c93 e-con-full e-flex e-con e-parent\" data-id=\"2964c93\" data-element_type=\"container\" data-e-type=\"container\" data-settings=\"{&quot;background_background&quot;:&quot;classic&quot;}\">\n\t\t<div class=\"elementor-element elementor-element-1850d9e e-con-full e-flex e-con e-child\" data-id=\"1850d9e\" data-element_type=\"container\" data-e-type=\"container\">\n\t\t<div class=\"elementor-element elementor-element-9efaa8b e-con-full e-flex e-con e-child\" data-id=\"9efaa8b\" data-element_type=\"container\" data-e-type=\"container\">\n\t\t\t\t<div class=\"elementor-element elementor-element-a53b70f elementor-widget__width-inherit elementor-widget elementor-widget-heading\" data-id=\"a53b70f\" data-element_type=\"widget\" data-e-type=\"widget\" data-widget_type=\"heading.default\">\n\t\t\t\t<div class=\"elementor-widget-container\">\n\t\t\t\t\t<h2 class=\"elementor-heading-title elementor-size-default\">Actualmente combino lo que m\u00e1s me gusta con mi pasi\u00f3n por ayudar a la gente<\/h2>\t\t\t\t<\/div>\n\t\t\t\t<\/div>\n\t\t\t\t<\/div>\n\t\t<div class=\"elementor-element elementor-element-6820ad8 e-con-full e-flex e-con e-child\" data-id=\"6820ad8\" data-element_type=\"container\" data-e-type=\"container\">\n\t\t\t\t<div class=\"elementor-element elementor-element-3d230cd elementor-widget__width-inherit elementor-widget elementor-widget-text-editor\" data-id=\"3d230cd\" data-element_type=\"widget\" data-e-type=\"widget\" data-widget_type=\"text-editor.default\">\n\t\t\t\t<div class=\"elementor-widget-container\">\n\t\t\t\t\t\t\t\t\t<p>Me encanta lo que hago, y siempre lo digo: cuando disfrutas tu trabajo, los resultados siempre son mejores. Este trabajo tiene todo lo que me apasiona: poder ayudar a mis pacientes a alcanzar sus metas, incluso cuando las cosas se ponen dif\u00edciles, y ense\u00f1arles c\u00f3mo mejorar su salud paso a paso. Al final, todo empieza con crear buenos h\u00e1bitos en la alimentaci\u00f3n, que son la base para sentirte bien.<\/p>\t\t\t\t\t\t\t\t<\/div>\n\t\t\t\t<\/div>\n\t\t\t\t<div class=\"elementor-element elementor-element-fb0ad02 elementor-widget elementor-widget-heading\" data-id=\"fb0ad02\" data-element_type=\"widget\" data-e-type=\"widget\" data-settings=\"{&quot;_animation&quot;:&quot;none&quot;,&quot;_animation_tablet&quot;:&quot;none&quot;,&quot;_animation_mobile&quot;:&quot;none&quot;}\" data-widget_type=\"heading.default\">\n\t\t\t\t<div class=\"elementor-widget-container\">\n\t\t\t\t\t<h2 class=\"elementor-heading-title elementor-size-default\">Y LO M\u00c1S IMPORTANTE SOBRE MI SERVICIO DE NUTRICI\u00d3N<\/h2>\t\t\t\t<\/div>\n\t\t\t\t<\/div>\n\t\t\t\t<div class=\"elementor-element elementor-element-1494b19 elementor-widget__width-inherit elementor-widget elementor-widget-text-editor\" data-id=\"1494b19\" data-element_type=\"widget\" data-e-type=\"widget\" data-settings=\"{&quot;_animation_tablet&quot;:&quot;none&quot;}\" data-widget_type=\"text-editor.default\">\n\t\t\t\t<div class=\"elementor-widget-container\">\n\t\t\t\t\t\t\t\t\t<p>Olv\u00eddate de las dietas y de las falsas promesas de resultados milagrosos. Conmigo aprender\u00e1s c\u00f3mo alimentarte de manera adecuada, con un enfoque totalmente personalizado que se adapta a ti, porque esa es mi esencia. S\u00ed, lograr\u00e1s tus objetivos: bajar de peso, ganar masa muscular, llevar un embarazo saludable, mejorar alguna patolog\u00eda, o descubrir que ser vegano es completamente viable. Aqu\u00ed no hablamos de \u00abcomer de todo en peque\u00f1as cantidades\u00bb, sino de construir h\u00e1bitos que realmente funcionen para ti.<\/p>\t\t\t\t\t\t\t\t<\/div>\n\t\t\t\t<\/div>\n\t\t\t\t<div class=\"elementor-element elementor-element-7c89905 elementor-widget elementor-widget-image\" data-id=\"7c89905\" data-element_type=\"widget\" data-e-type=\"widget\" data-widget_type=\"image.default\">\n\t\t\t\t<div class=\"elementor-widget-container\">\n\t\t\t\t\t\t\t\t\t\t\t\t\t\t\t<img fetchpriority=\"high\" decoding=\"async\" width=\"768\" height=\"576\" src=\"https:\/\/isabelgarcianutri.com\/wp-content\/uploads\/2025\/01\/7759cea4-5e3a-4b16-ac77-9c4fa685025f-768x576.jpg\" class=\"attachment-medium_large size-medium_large wp-image-604\" alt=\"Proyecto educaci\u00f3n nutricional- Sobre mi\" srcset=\"https:\/\/isabelgarcianutri.com\/wp-content\/uploads\/2025\/01\/7759cea4-5e3a-4b16-ac77-9c4fa685025f-768x576.jpg 768w, https:\/\/isabelgarcianutri.com\/wp-content\/uploads\/2025\/01\/7759cea4-5e3a-4b16-ac77-9c4fa685025f-300x225.jpg 300w, https:\/\/isabelgarcianutri.com\/wp-content\/uploads\/2025\/01\/7759cea4-5e3a-4b16-ac77-9c4fa685025f-1024x768.jpg 1024w, https:\/\/isabelgarcianutri.com\/wp-content\/uploads\/2025\/01\/7759cea4-5e3a-4b16-ac77-9c4fa685025f-1536x1152.jpg 1536w, https:\/\/isabelgarcianutri.com\/wp-content\/uploads\/2025\/01\/7759cea4-5e3a-4b16-ac77-9c4fa685025f.jpg 2048w\" sizes=\"(max-width: 768px) 100vw, 768px\" \/>\t\t\t\t\t\t\t\t\t\t\t\t\t\t\t<\/div>\n\t\t\t\t<\/div>\n\t\t\t\t<div class=\"elementor-element elementor-element-186252b elementor-widget elementor-widget-text-editor\" data-id=\"186252b\" data-element_type=\"widget\" data-e-type=\"widget\" data-widget_type=\"text-editor.default\">\n\t\t\t\t<div class=\"elementor-widget-container\">\n\t\t\t\t\t\t\t\t\t<p>Proyecto de nutrici\u00f3n en mujeres deportistas de monta\u00f1a &#8211;<a href=\"https:\/\/www.montanerasadeban.com\"> Club monta\u00f1eras Adeban<\/a><\/p>\t\t\t\t\t\t\t\t<\/div>\n\t\t\t\t<\/div>\n\t\t\t\t<div class=\"elementor-element elementor-element-76f92e0 elementor-align-center elementor-widget elementor-widget-button\" data-id=\"76f92e0\" data-element_type=\"widget\" data-e-type=\"widget\" data-widget_type=\"button.default\">\n\t\t\t\t<div class=\"elementor-widget-container\">\n\t\t\t\t\t\t\t\t\t<div class=\"elementor-button-wrapper\">\n\t\t\t\t\t<a class=\"elementor-button elementor-button-link elementor-size-sm\" href=\"https:\/\/isabelgarcianutri.com\/?page_id=14\">\n\t\t\t\t\t\t<span class=\"elementor-button-content-wrapper\">\n\t\t\t\t\t\t\t\t\t<span class=\"elementor-button-text\">Contacta conmigo para empezar a cuidarte<\/span>\n\t\t\t\t\t<\/span>\n\t\t\t\t\t<\/a>\n\t\t\t\t<\/div>\n\t\t\t\t\t\t\t\t<\/div>\n\t\t\t\t<\/div>\n\t\t\t\t<\/div>\n\t\t\t\t<\/div>\n\t\t\t\t<\/div>\n\t\t\t\t<\/div>\n\t\t","protected":false},"excerpt":{"rendered":"<p>Sobre mi \u00a1Hola! Soy Isabel Garc\u00eda. En esta apartado \u00abSobre mi\u00bb, quiero contarte qui\u00e9n soy y c\u00f3mo puedo ayudarte a [&hellip;]<\/p>\n","protected":false},"author":1,"featured_media":0,"parent":0,"menu_order":0,"comment_status":"closed","ping_status":"closed","template":"","meta":{"_monsterinsights_skip_tracking":false,"_monsterinsights_sitenote_active":false,"_monsterinsights_sitenote_note":"","_monsterinsights_sitenote_category":0,"site-sidebar-layout":"default","site-content-layout":"","ast-site-content-layout":"","site-content-style":"default","site-sidebar-style":"default","ast-global-header-display":"","ast-banner-title-visibility":"","ast-main-header-display":"","ast-hfb-above-header-display":"","ast-hfb-below-header-display":"","ast-hfb-mobile-header-display":"","site-post-title":"","ast-breadcrumbs-content":"","ast-featured-img":"","footer-sml-layout":"","theme-transparent-header-meta":"","adv-header-id-meta":"","stick-header-meta":"","header-above-stick-meta":"","header-main-stick-meta":"","header-below-stick-meta":"","astra-migrate-meta-layouts":"default","ast-page-background-enabled":"default","ast-page-background-meta":{"desktop":{"background-color":"var(--ast-global-color-5)","background-image":"","background-repeat":"repeat","background-position":"center center","background-size":"auto","background-attachment":"scroll","background-type":"","background-media":"","overlay-type":"","overlay-color":"","overlay-opacity":"","overlay-gradient":""},"tablet":{"background-color":"","background-image":"","background-repeat":"repeat","background-position":"center center","background-size":"auto","background-attachment":"scroll","background-type":"","background-media":"","overlay-type":"","overlay-color":"","overlay-opacity":"","overlay-gradient":""},"mobile":{"background-color":"","background-image":"","background-repeat":"repeat","background-position":"center center","background-size":"auto","background-attachment":"scroll","background-type":"","background-media":"","overlay-type":"","overlay-color":"","overlay-opacity":"","overlay-gradient":""}},"ast-content-background-meta":{"desktop":{"background-color":"var(--ast-global-color-4)","background-image":"","background-repeat":"repeat","background-position":"center center","background-size":"auto","background-attachment":"scroll","background-type":"","background-media":"","overlay-type":"","overlay-color":"","overlay-opacity":"","overlay-gradient":""},"tablet":{"background-color":"var(--ast-global-color-4)","background-image":"","background-repeat":"repeat","background-position":"center center","background-size":"auto","background-attachment":"scroll","background-type":"","background-media":"","overlay-type":"","overlay-color":"","overlay-opacity":"","overlay-gradient":""},"mobile":{"background-color":"var(--ast-global-color-4)","background-image":"","background-repeat":"repeat","background-position":"center center","background-size":"auto","background-attachment":"scroll","background-type":"","background-media":"","overlay-type":"","overlay-color":"","overlay-opacity":"","overlay-gradient":""}},"footnotes":""},"class_list":["post-11","page","type-page","status-publish","hentry"],"yoast_head":"<!-- This site is optimized with the Yoast SEO plugin v26.0 - https:\/\/yoast.com\/wordpress\/plugins\/seo\/ -->\n<title>Sobre mi-Isabelgarcianutri<\/title>\n<meta name=\"description\" content=\"Sobre mi | Soy Isabel Garc\u00eda, dietista-nutricionista en Soria\/Online. Contacta conmigo para empezar a cuidar tu alimentaci\u00f3n sin dietas\" \/>\n<meta name=\"robots\" content=\"index, follow, max-snippet:-1, max-image-preview:large, max-video-preview:-1\" \/>\n<link rel=\"canonical\" href=\"https:\/\/isabelgarcianutri.com\/?page_id=11\" \/>\n<meta property=\"og:locale\" content=\"es_ES\" \/>\n<meta property=\"og:type\" content=\"article\" \/>\n<meta property=\"og:title\" content=\"Sobre mi-Isabelgarcianutri\" \/>\n<meta property=\"og:description\" content=\"Sobre mi | Soy Isabel Garc\u00eda, dietista-nutricionista en Soria\/Online. Contacta conmigo para empezar a cuidar tu alimentaci\u00f3n sin dietas\" \/>\n<meta property=\"og:url\" content=\"https:\/\/isabelgarcianutri.com\/?page_id=11\" \/>\n<meta property=\"og:site_name\" content=\"Isabel Garc\u00eda nutrici\u00f3n\" \/>\n<meta property=\"article:modified_time\" content=\"2025-03-12T10:33:22+00:00\" \/>\n<meta property=\"og:image\" content=\"https:\/\/isabelgarcianutri.com\/wp-content\/uploads\/elementor\/thumbs\/Sujeto-2-r078vz1oehicuo3ec42a9c469sbexn4ybsbzy8i2xk.png\" \/>\n<meta name=\"twitter:card\" content=\"summary_large_image\" \/>\n<meta name=\"twitter:label1\" content=\"Tiempo de lectura\" \/>\n\t<meta name=\"twitter:data1\" content=\"3 minutos\" \/>\n<script type=\"application\/ld+json\" class=\"yoast-schema-graph\">{\"@context\":\"https:\/\/schema.org\",\"@graph\":[{\"@type\":\"WebPage\",\"@id\":\"https:\/\/isabelgarcianutri.com\/?page_id=11\",\"url\":\"https:\/\/isabelgarcianutri.com\/?page_id=11\",\"name\":\"Sobre mi-Isabelgarcianutri\",\"isPartOf\":{\"@id\":\"https:\/\/isabelgarcianutri.com\/#website\"},\"primaryImageOfPage\":{\"@id\":\"https:\/\/isabelgarcianutri.com\/?page_id=11#primaryimage\"},\"image\":{\"@id\":\"https:\/\/isabelgarcianutri.com\/?page_id=11#primaryimage\"},\"thumbnailUrl\":\"https:\/\/isabelgarcianutri.com\/wp-content\/uploads\/elementor\/thumbs\/Sujeto-2-r078vz1oehicuo3ec42a9c469sbexn4ybsbzy8i2xk.png\",\"datePublished\":\"2025-01-14T08:40:30+00:00\",\"dateModified\":\"2025-03-12T10:33:22+00:00\",\"description\":\"Sobre mi | Soy Isabel Garc\u00eda, dietista-nutricionista en Soria\/Online. Contacta conmigo para empezar a cuidar tu alimentaci\u00f3n sin dietas\",\"breadcrumb\":{\"@id\":\"https:\/\/isabelgarcianutri.com\/?page_id=11#breadcrumb\"},\"inLanguage\":\"es\",\"potentialAction\":[{\"@type\":\"ReadAction\",\"target\":[\"https:\/\/isabelgarcianutri.com\/?page_id=11\"]}]},{\"@type\":\"ImageObject\",\"inLanguage\":\"es\",\"@id\":\"https:\/\/isabelgarcianutri.com\/?page_id=11#primaryimage\",\"url\":\"https:\/\/isabelgarcianutri.com\/wp-content\/uploads\/elementor\/thumbs\/Sujeto-2-r078vz1oehicuo3ec42a9c469sbexn4ybsbzy8i2xk.png\",\"contentUrl\":\"https:\/\/isabelgarcianutri.com\/wp-content\/uploads\/elementor\/thumbs\/Sujeto-2-r078vz1oehicuo3ec42a9c469sbexn4ybsbzy8i2xk.png\"},{\"@type\":\"BreadcrumbList\",\"@id\":\"https:\/\/isabelgarcianutri.com\/?page_id=11#breadcrumb\",\"itemListElement\":[{\"@type\":\"ListItem\",\"position\":1,\"name\":\"Portada\",\"item\":\"https:\/\/isabelgarcianutri.com\/\"},{\"@type\":\"ListItem\",\"position\":2,\"name\":\"Sobre mi\"}]},{\"@type\":\"WebSite\",\"@id\":\"https:\/\/isabelgarcianutri.com\/#website\",\"url\":\"https:\/\/isabelgarcianutri.com\/\",\"name\":\"Isabel Garc\u00eda nutrici\u00f3n\",\"description\":\"Dietista-Nutricionista\",\"publisher\":{\"@id\":\"https:\/\/isabelgarcianutri.com\/#organization\"},\"potentialAction\":[{\"@type\":\"SearchAction\",\"target\":{\"@type\":\"EntryPoint\",\"urlTemplate\":\"https:\/\/isabelgarcianutri.com\/?s={search_term_string}\"},\"query-input\":{\"@type\":\"PropertyValueSpecification\",\"valueRequired\":true,\"valueName\":\"search_term_string\"}}],\"inLanguage\":\"es\"},{\"@type\":\"Organization\",\"@id\":\"https:\/\/isabelgarcianutri.com\/#organization\",\"name\":\"Isabel Garc\u00eda nutrici\u00f3n\",\"url\":\"https:\/\/isabelgarcianutri.com\/\",\"logo\":{\"@type\":\"ImageObject\",\"inLanguage\":\"es\",\"@id\":\"https:\/\/isabelgarcianutri.com\/#\/schema\/logo\/image\/\",\"url\":\"https:\/\/isabelgarcianutri.com\/wp-content\/uploads\/2025\/01\/cropped-logo-web-1-e1742378059121.png\",\"contentUrl\":\"https:\/\/isabelgarcianutri.com\/wp-content\/uploads\/2025\/01\/cropped-logo-web-1-e1742378059121.png\",\"width\":512,\"height\":512,\"caption\":\"Isabel Garc\u00eda nutrici\u00f3n\"},\"image\":{\"@id\":\"https:\/\/isabelgarcianutri.com\/#\/schema\/logo\/image\/\"}}]}<\/script>\n<!-- \/ Yoast SEO plugin. -->","yoast_head_json":{"title":"Sobre mi-Isabelgarcianutri","description":"Sobre mi | Soy Isabel Garc\u00eda, dietista-nutricionista en Soria\/Online. Contacta conmigo para empezar a cuidar tu alimentaci\u00f3n sin dietas","robots":{"index":"index","follow":"follow","max-snippet":"max-snippet:-1","max-image-preview":"max-image-preview:large","max-video-preview":"max-video-preview:-1"},"canonical":"https:\/\/isabelgarcianutri.com\/?page_id=11","og_locale":"es_ES","og_type":"article","og_title":"Sobre mi-Isabelgarcianutri","og_description":"Sobre mi | Soy Isabel Garc\u00eda, dietista-nutricionista en Soria\/Online. Contacta conmigo para empezar a cuidar tu alimentaci\u00f3n sin dietas","og_url":"https:\/\/isabelgarcianutri.com\/?page_id=11","og_site_name":"Isabel Garc\u00eda nutrici\u00f3n","article_modified_time":"2025-03-12T10:33:22+00:00","og_image":[{"url":"https:\/\/isabelgarcianutri.com\/wp-content\/uploads\/elementor\/thumbs\/Sujeto-2-r078vz1oehicuo3ec42a9c469sbexn4ybsbzy8i2xk.png","type":"","width":"","height":""}],"twitter_card":"summary_large_image","twitter_misc":{"Tiempo de lectura":"3 minutos"},"schema":{"@context":"https:\/\/schema.org","@graph":[{"@type":"WebPage","@id":"https:\/\/isabelgarcianutri.com\/?page_id=11","url":"https:\/\/isabelgarcianutri.com\/?page_id=11","name":"Sobre mi-Isabelgarcianutri","isPartOf":{"@id":"https:\/\/isabelgarcianutri.com\/#website"},"primaryImageOfPage":{"@id":"https:\/\/isabelgarcianutri.com\/?page_id=11#primaryimage"},"image":{"@id":"https:\/\/isabelgarcianutri.com\/?page_id=11#primaryimage"},"thumbnailUrl":"https:\/\/isabelgarcianutri.com\/wp-content\/uploads\/elementor\/thumbs\/Sujeto-2-r078vz1oehicuo3ec42a9c469sbexn4ybsbzy8i2xk.png","datePublished":"2025-01-14T08:40:30+00:00","dateModified":"2025-03-12T10:33:22+00:00","description":"Sobre mi | Soy Isabel Garc\u00eda, dietista-nutricionista en Soria\/Online. Contacta conmigo para empezar a cuidar tu alimentaci\u00f3n sin dietas","breadcrumb":{"@id":"https:\/\/isabelgarcianutri.com\/?page_id=11#breadcrumb"},"inLanguage":"es","potentialAction":[{"@type":"ReadAction","target":["https:\/\/isabelgarcianutri.com\/?page_id=11"]}]},{"@type":"ImageObject","inLanguage":"es","@id":"https:\/\/isabelgarcianutri.com\/?page_id=11#primaryimage","url":"https:\/\/isabelgarcianutri.com\/wp-content\/uploads\/elementor\/thumbs\/Sujeto-2-r078vz1oehicuo3ec42a9c469sbexn4ybsbzy8i2xk.png","contentUrl":"https:\/\/isabelgarcianutri.com\/wp-content\/uploads\/elementor\/thumbs\/Sujeto-2-r078vz1oehicuo3ec42a9c469sbexn4ybsbzy8i2xk.png"},{"@type":"BreadcrumbList","@id":"https:\/\/isabelgarcianutri.com\/?page_id=11#breadcrumb","itemListElement":[{"@type":"ListItem","position":1,"name":"Portada","item":"https:\/\/isabelgarcianutri.com\/"},{"@type":"ListItem","position":2,"name":"Sobre mi"}]},{"@type":"WebSite","@id":"https:\/\/isabelgarcianutri.com\/#website","url":"https:\/\/isabelgarcianutri.com\/","name":"Isabel Garc\u00eda nutrici\u00f3n","description":"Dietista-Nutricionista","publisher":{"@id":"https:\/\/isabelgarcianutri.com\/#organization"},"potentialAction":[{"@type":"SearchAction","target":{"@type":"EntryPoint","urlTemplate":"https:\/\/isabelgarcianutri.com\/?s={search_term_string}"},"query-input":{"@type":"PropertyValueSpecification","valueRequired":true,"valueName":"search_term_string"}}],"inLanguage":"es"},{"@type":"Organization","@id":"https:\/\/isabelgarcianutri.com\/#organization","name":"Isabel Garc\u00eda nutrici\u00f3n","url":"https:\/\/isabelgarcianutri.com\/","logo":{"@type":"ImageObject","inLanguage":"es","@id":"https:\/\/isabelgarcianutri.com\/#\/schema\/logo\/image\/","url":"https:\/\/isabelgarcianutri.com\/wp-content\/uploads\/2025\/01\/cropped-logo-web-1-e1742378059121.png","contentUrl":"https:\/\/isabelgarcianutri.com\/wp-content\/uploads\/2025\/01\/cropped-logo-web-1-e1742378059121.png","width":512,"height":512,"caption":"Isabel Garc\u00eda nutrici\u00f3n"},"image":{"@id":"https:\/\/isabelgarcianutri.com\/#\/schema\/logo\/image\/"}}]}},"_links":{"self":[{"href":"https:\/\/isabelgarcianutri.com\/index.php?rest_route=\/wp\/v2\/pages\/11","targetHints":{"allow":["GET"]}}],"collection":[{"href":"https:\/\/isabelgarcianutri.com\/index.php?rest_route=\/wp\/v2\/pages"}],"about":[{"href":"https:\/\/isabelgarcianutri.com\/index.php?rest_route=\/wp\/v2\/types\/page"}],"author":[{"embeddable":true,"href":"https:\/\/isabelgarcianutri.com\/index.php?rest_route=\/wp\/v2\/users\/1"}],"replies":[{"embeddable":true,"href":"https:\/\/isabelgarcianutri.com\/index.php?rest_route=%2Fwp%2Fv2%2Fcomments&post=11"}],"version-history":[{"count":52,"href":"https:\/\/isabelgarcianutri.com\/index.php?rest_route=\/wp\/v2\/pages\/11\/revisions"}],"predecessor-version":[{"id":878,"href":"https:\/\/isabelgarcianutri.com\/index.php?rest_route=\/wp\/v2\/pages\/11\/revisions\/878"}],"wp:attachment":[{"href":"https:\/\/isabelgarcianutri.com\/index.php?rest_route=%2Fwp%2Fv2%2Fmedia&parent=11"}],"curies":[{"name":"wp","href":"https:\/\/api.w.org\/{rel}","templated":true}]}}